{"id":47,"date":"2025-06-17T12:54:43","date_gmt":"2025-06-17T15:54:43","guid":{"rendered":"http:\/\/winofficetower.com.br\/?page_id=47"},"modified":"2025-06-17T16:48:19","modified_gmt":"2025-06-17T19:48:19","slug":"pagina-inicial","status":"publish","type":"page","link":"https:\/\/winofficetower.com.br\/","title":{"rendered":"P\u00e1gina Inicial"},"content":{"rendered":"\n<div class=\"wp-block-columns container is-layout-flex wp-container-core-columns-is-layout-28f84493 wp-block-columns-is-layout-flex\">\n<div class=\"wp-block-column col-md-5 is-layout-flow wp-block-column-is-layout-flow\">\n<div style=\"height:55px\" aria-hidden=\"true\" class=\"wp-block-spacer\"><\/div>\n\n\n\n<h2 class=\"wp-block-heading\">Sobre<\/h2>\n\n\n\n<p>Localizado em uma das regi\u00f5es mais estrat\u00e9gicas de Americana-SP, o Win Office Tower \u00e9 um condominio comercial moderno que re\u00fane inova\u00e7\u00e3o, seguran\u00e7a e conforto. Com infraestrutura de alto padr\u00e3o, ele abriga empresas e profissionais que buscam excel\u00eancia.<\/p>\n<\/div>\n\n\n\n<div class=\"wp-block-column col-md-6 col-md-offset1 is-layout-flow wp-block-column-is-layout-flow\">\n<div style=\"height:55px\" aria-hidden=\"true\" class=\"wp-block-spacer\"><\/div>\n\n\n\n<figure class=\"wp-block-image size-large\"><img loading=\"lazy\" decoding=\"async\" width=\"1024\" height=\"544\" src=\"http:\/\/winofficetower.com.br\/wp-content\/uploads\/2025\/06\/Captura-de-tela-2025-06-17-132546-1024x544.png\" alt=\"\" class=\"wp-image-84\" srcset=\"https:\/\/winofficetower.com.br\/wp-content\/uploads\/2025\/06\/Captura-de-tela-2025-06-17-132546-1024x544.png 1024w, https:\/\/winofficetower.com.br\/wp-content\/uploads\/2025\/06\/Captura-de-tela-2025-06-17-132546-300x159.png 300w, https:\/\/winofficetower.com.br\/wp-content\/uploads\/2025\/06\/Captura-de-tela-2025-06-17-132546-768x408.png 768w, https:\/\/winofficetower.com.br\/wp-content\/uploads\/2025\/06\/Captura-de-tela-2025-06-17-132546.png 1190w\" sizes=\"auto, (max-width: 1024px) 100vw, 1024px\" \/><\/figure>\n\n\n\n<p><\/p>\n<\/div>\n<\/div>\n\n\n\n<p><\/p>\n","protected":false},"excerpt":{"rendered":"<p>Sobre Localizado em uma das regi\u00f5es mais estrat\u00e9gicas de Americana-SP, o Win Office Tower \u00e9 um condominio comercial moderno que re\u00fane inova\u00e7\u00e3o, seguran\u00e7a e conforto. Com infraestrutura de alto padr\u00e3o, ele abriga empresas e profissionais que buscam excel\u00eancia.<\/p>\n","protected":false},"author":1,"featured_media":89,"parent":0,"menu_order":0,"comment_status":"closed","ping_status":"closed","template":"","meta":{"footnotes":""},"class_list":["post-47","page","type-page","status-publish","has-post-thumbnail","hentry"],"_links":{"self":[{"href":"https:\/\/winofficetower.com.br\/index.php?rest_route=\/wp\/v2\/pages\/47","targetHints":{"allow":["GET"]}}],"collection":[{"href":"https:\/\/winofficetower.com.br\/index.php?rest_route=\/wp\/v2\/pages"}],"about":[{"href":"https:\/\/winofficetower.com.br\/index.php?rest_route=\/wp\/v2\/types\/page"}],"author":[{"embeddable":true,"href":"https:\/\/winofficetower.com.br\/index.php?rest_route=\/wp\/v2\/users\/1"}],"replies":[{"embeddable":true,"href":"https:\/\/winofficetower.com.br\/index.php?rest_route=%2Fwp%2Fv2%2Fcomments&post=47"}],"version-history":[{"count":5,"href":"https:\/\/winofficetower.com.br\/index.php?rest_route=\/wp\/v2\/pages\/47\/revisions"}],"predecessor-version":[{"id":178,"href":"https:\/\/winofficetower.com.br\/index.php?rest_route=\/wp\/v2\/pages\/47\/revisions\/178"}],"wp:featuredmedia":[{"embeddable":true,"href":"https:\/\/winofficetower.com.br\/index.php?rest_route=\/wp\/v2\/media\/89"}],"wp:attachment":[{"href":"https:\/\/winofficetower.com.br\/index.php?rest_route=%2Fwp%2Fv2%2Fmedia&parent=47"}],"curies":[{"name":"wp","href":"https:\/\/api.w.org\/{rel}","templated":true}]}}