{"id":152,"date":"2025-06-17T15:18:49","date_gmt":"2025-06-17T18:18:49","guid":{"rendered":"http:\/\/winofficetower.com.br\/?page_id=152"},"modified":"2025-06-17T15:18:50","modified_gmt":"2025-06-17T18:18:50","slug":"espacos-de-eventos-producao-de-shows-e-radio","status":"publish","type":"page","link":"http:\/\/winofficetower.com.br\/?page_id=152","title":{"rendered":"Espa\u00e7os de Eventos, Produ\u00e7\u00e3o de Shows e R\u00e1dio"},"content":{"rendered":"","protected":false},"excerpt":{"rendered":"","protected":false},"author":1,"featured_media":0,"parent":0,"menu_order":0,"comment_status":"closed","ping_status":"closed","template":"","meta":{"footnotes":""},"class_list":["post-152","page","type-page","status-publish","hentry"],"_links":{"self":[{"href":"http:\/\/winofficetower.com.br\/index.php?rest_route=\/wp\/v2\/pages\/152","targetHints":{"allow":["GET"]}}],"collection":[{"href":"http:\/\/winofficetower.com.br\/index.php?rest_route=\/wp\/v2\/pages"}],"about":[{"href":"http:\/\/winofficetower.com.br\/index.php?rest_route=\/wp\/v2\/types\/page"}],"author":[{"embeddable":true,"href":"http:\/\/winofficetower.com.br\/index.php?rest_route=\/wp\/v2\/users\/1"}],"replies":[{"embeddable":true,"href":"http:\/\/winofficetower.com.br\/index.php?rest_route=%2Fwp%2Fv2%2Fcomments&post=152"}],"version-history":[{"count":1,"href":"http:\/\/winofficetower.com.br\/index.php?rest_route=\/wp\/v2\/pages\/152\/revisions"}],"predecessor-version":[{"id":154,"href":"http:\/\/winofficetower.com.br\/index.php?rest_route=\/wp\/v2\/pages\/152\/revisions\/154"}],"wp:attachment":[{"href":"http:\/\/winofficetower.com.br\/index.php?rest_route=%2Fwp%2Fv2%2Fmedia&parent=152"}],"curies":[{"name":"wp","href":"https:\/\/api.w.org\/{rel}","templated":true}]}}